{"id":62,"date":"2018-11-26T22:21:19","date_gmt":"2018-11-26T22:21:19","guid":{"rendered":"http:\/\/ingenierofarina.com.ar\/sitio\/?page_id=62"},"modified":"2018-11-26T22:21:19","modified_gmt":"2018-11-26T22:21:19","slug":"contacto","status":"publish","type":"page","link":"https:\/\/ingenierofarina.com.ar\/sitio\/contacto\/","title":{"rendered":"Contacto"},"content":{"rendered":"\n<h3 class=\"wp-block-heading\">ALBERTO LUIS FARINA<\/h3>\n\n\n\n<p><strong>Direcci\u00f3n:<\/strong> F. N. Laprida N\u00ba 2.285, Rosario CP 2.000<\/p>\n\n\n\n<p><strong>Tel\u00e9fono:<\/strong> (+54) 341-485-5373<\/p>\n\n\n\n<p><strong>Tel\u00e9fono\nm\u00f3vil:<\/strong> (+54) 341 6194 237 <\/p>\n\n\n\n<p><strong>E-mail:<\/strong> <a href=\"mailto:alberto@ingenierofarina.com.ar\">alberto@ingenierofarina.com.ar<\/a><\/p>\n\n\n\n<p><strong>P\u00e1ginaweb:<\/strong><a href=\"http:\/\/www.ingenierofarina.com.ar\">http:\/\/www.ingenierofarina.com.ar<\/a><\/p>\n","protected":false},"excerpt":{"rendered":"<p>ALBERTO LUIS FARINA Direcci\u00f3n: F. N. Laprida N\u00ba 2.285, Rosario CP 2.000 Tel\u00e9fono: (+54) 341-485-5373 Tel\u00e9fono m\u00f3vil: (+54) 341 6194 237 E-mail: alberto@ingenierofarina.com.ar P\u00e1ginaweb:http:\/\/www.ingenierofarina.com.ar<\/p>\n","protected":false},"author":2,"featured_media":30,"parent":0,"menu_order":0,"comment_status":"closed","ping_status":"closed","template":"","meta":{"footnotes":""},"class_list":["post-62","page","type-page","status-publish","has-post-thumbnail","hentry"],"_links":{"self":[{"href":"https:\/\/ingenierofarina.com.ar\/sitio\/wp-json\/wp\/v2\/pages\/62","targetHints":{"allow":["GET"]}}],"collection":[{"href":"https:\/\/ingenierofarina.com.ar\/sitio\/wp-json\/wp\/v2\/pages"}],"about":[{"href":"https:\/\/ingenierofarina.com.ar\/sitio\/wp-json\/wp\/v2\/types\/page"}],"author":[{"embeddable":true,"href":"https:\/\/ingenierofarina.com.ar\/sitio\/wp-json\/wp\/v2\/users\/2"}],"replies":[{"embeddable":true,"href":"https:\/\/ingenierofarina.com.ar\/sitio\/wp-json\/wp\/v2\/comments?post=62"}],"version-history":[{"count":1,"href":"https:\/\/ingenierofarina.com.ar\/sitio\/wp-json\/wp\/v2\/pages\/62\/revisions"}],"predecessor-version":[{"id":63,"href":"https:\/\/ingenierofarina.com.ar\/sitio\/wp-json\/wp\/v2\/pages\/62\/revisions\/63"}],"wp:featuredmedia":[{"embeddable":true,"href":"https:\/\/ingenierofarina.com.ar\/sitio\/wp-json\/wp\/v2\/media\/30"}],"wp:attachment":[{"href":"https:\/\/ingenierofarina.com.ar\/sitio\/wp-json\/wp\/v2\/media?parent=62"}],"curies":[{"name":"wp","href":"https:\/\/api.w.org\/{rel}","templated":true}]}}