{"id":58,"date":"2018-11-26T22:19:38","date_gmt":"2018-11-26T22:19:38","guid":{"rendered":"http:\/\/ingenierofarina.com.ar\/sitio\/?page_id=58"},"modified":"2018-11-26T22:19:38","modified_gmt":"2018-11-26T22:19:38","slug":"servicios","status":"publish","type":"page","link":"https:\/\/ingenierofarina.com.ar\/sitio\/","title":{"rendered":"Servicios"},"content":{"rendered":"\n<h3 class=\"wp-block-heading\">Supervisi\u00f3n de: Obra y Fabricaci\u00f3n<\/h3>\n\n\n\n<h3 class=\"wp-block-heading\">Estudios, ensayos<\/h3>\n\n\n\n<h3 class=\"wp-block-heading\">Promociones t\u00e9cnicas<\/h3>\n\n\n\n<h3 class=\"wp-block-heading\">Automatismo y control<\/h3>\n\n\n\n<h3 class=\"wp-block-heading\">Regularizaciones<\/h3>\n\n\n\n<h3 class=\"wp-block-heading\">Capacitaciones<\/h3>\n\n\n\n<h3 class=\"wp-block-heading\">Consultas y Asesoramientos<\/h3>\n\n\n\n<p><strong>Relacionados con:<\/strong><br><\/p>\n\n\n\n<ul class=\"wp-block-list\"><li>Distribuci\u00f3n\n     y generaci\u00f3n de energ\u00eda el\u00e9ctrica en baja, media y alta tensi\u00f3n. <\/li><li>Estaciones\n     y Subestaciones transformadoras.<\/li><li>Puesta\n     a tierra<\/li><li>Protecci\u00f3n\n     contra descargas atmosf\u00e9ricas y pararrayos. <\/li><li>Sistemas\n     de control y automatizaci\u00f3n.<\/li><li>Grupos\n     moto-generadores.<\/li><li>Tableros\n     de: medici\u00f3n, distribuci\u00f3n, centro control de motores, corrector del\n     factor de potencia y de transferencia. <\/li><li>Sistemas\n     de iluminaci\u00f3n: ambientes laborables, seguridad, emergencias y deportivos.<\/li><li>Estudios\n     de: carga, facturaci\u00f3n, factor de potencia, arm\u00f3nicas y de optimizaci\u00f3n\n     del consumo de la energ\u00eda el\u00e9ctrica.<\/li><li>Ejecuci\u00f3n\n     de ante-proyectos, ingenier\u00eda b\u00e1sica y legajos para presentar en los\n     organismos p\u00fablicos.<\/li><li>Elaboraci\u00f3n\n     de especificaciones para la compra de equipos o contrataci\u00f3n de obras.<\/li><\/ul>\n\n\n\n<p><strong>Destinados a:<\/strong><\/p>\n\n\n\n<ul class=\"wp-block-list\"><li>Edificios\n     industriales, comerciales, institucionales, sanatoriales, deportivos y\n     educacionales de los \u00e1mbitos privados o p\u00fablicos.<\/li><\/ul>\n\n\n\n<p>Para que las instalaciones el\u00e9ctricas sean seguras, eficientes y econ\u00f3micas deben ser hechas con conocimientos y experiencia.<\/p>\n","protected":false},"excerpt":{"rendered":"<p>Supervisi\u00f3n de: Obra y Fabricaci\u00f3n Estudios, ensayos Promociones t\u00e9cnicas Automatismo y control Regularizaciones Capacitaciones Consultas y Asesoramientos Relacionados con: Distribuci\u00f3n y generaci\u00f3n de energ\u00eda el\u00e9ctrica en baja, media y alta tensi\u00f3n. Estaciones y Subestaciones transformadoras. Puesta a tierra Protecci\u00f3n contra descargas atmosf\u00e9ricas y pararrayos. Sistemas de control y automatizaci\u00f3n. Grupos moto-generadores. Tableros de: medici\u00f3n, distribuci\u00f3n, &hellip; <a href=\"https:\/\/ingenierofarina.com.ar\/sitio\/\" class=\"more-link\">Seguir leyendo <span class=\"screen-reader-text\">Servicios<\/span> <span class=\"meta-nav\">&rarr;<\/span><\/a><\/p>\n","protected":false},"author":2,"featured_media":21,"parent":0,"menu_order":0,"comment_status":"closed","ping_status":"closed","template":"","meta":{"footnotes":""},"class_list":["post-58","page","type-page","status-publish","has-post-thumbnail","hentry"],"_links":{"self":[{"href":"https:\/\/ingenierofarina.com.ar\/sitio\/wp-json\/wp\/v2\/pages\/58","targetHints":{"allow":["GET"]}}],"collection":[{"href":"https:\/\/ingenierofarina.com.ar\/sitio\/wp-json\/wp\/v2\/pages"}],"about":[{"href":"https:\/\/ingenierofarina.com.ar\/sitio\/wp-json\/wp\/v2\/types\/page"}],"author":[{"embeddable":true,"href":"https:\/\/ingenierofarina.com.ar\/sitio\/wp-json\/wp\/v2\/users\/2"}],"replies":[{"embeddable":true,"href":"https:\/\/ingenierofarina.com.ar\/sitio\/wp-json\/wp\/v2\/comments?post=58"}],"version-history":[{"count":1,"href":"https:\/\/ingenierofarina.com.ar\/sitio\/wp-json\/wp\/v2\/pages\/58\/revisions"}],"predecessor-version":[{"id":59,"href":"https:\/\/ingenierofarina.com.ar\/sitio\/wp-json\/wp\/v2\/pages\/58\/revisions\/59"}],"wp:featuredmedia":[{"embeddable":true,"href":"https:\/\/ingenierofarina.com.ar\/sitio\/wp-json\/wp\/v2\/media\/21"}],"wp:attachment":[{"href":"https:\/\/ingenierofarina.com.ar\/sitio\/wp-json\/wp\/v2\/media?parent=58"}],"curies":[{"name":"wp","href":"https:\/\/api.w.org\/{rel}","templated":true}]}}